{"id":702,"date":"2023-12-12T21:28:37","date_gmt":"2023-12-13T00:28:37","guid":{"rendered":"https:\/\/sistemafaetsenar.org.br\/faet\/?page_id=702"},"modified":"2023-12-13T12:42:14","modified_gmt":"2023-12-13T15:42:14","slug":"mensagem-do-presidente","status":"publish","type":"page","link":"https:\/\/sistemafaetsenar.org.br\/faet\/mensagem-do-presidente\/","title":{"rendered":"Mensagem do Presidente"},"content":{"rendered":"\t\t<div data-elementor-type=\"wp-page\" data-elementor-id=\"702\" class=\"elementor elementor-702\" data-elementor-post-type=\"page\">\n\t\t\t\t<div class=\"elementor-element elementor-element-1bbbaf1 e-flex e-con-boxed e-con e-parent\" data-id=\"1bbbaf1\" data-element_type=\"container\" data-settings=\"{&quot;background_background&quot;:&quot;classic&quot;}\">\n\t\t\t\t\t<div class=\"e-con-inner\">\n\t\t<div class=\"elementor-element elementor-element-912555d e-con-full e-flex e-con e-child\" data-id=\"912555d\" data-element_type=\"container\">\n\t\t<div class=\"elementor-element elementor-element-419a779 e-flex e-con-boxed e-con e-child\" data-id=\"419a779\" data-element_type=\"container\">\n\t\t\t\t\t<div class=\"e-con-inner\">\n\t\t\t\t<div class=\"elementor-element elementor-element-fce13e5 elementor-widget elementor-widget-hub_fancy_heading\" data-id=\"fce13e5\" data-element_type=\"widget\" data-widget_type=\"hub_fancy_heading.default\">\n\t\t\t\t<div class=\"elementor-widget-container\">\n\t\t\t\n\t\t<div id=\"ld-fancy-heading-69f549b8ef845\" class=\"ld-fancy-heading pos-rel\">\n\t\t\t<h1 class=\"ld-fh-element d-inline-block pos-rel  elementor-heading-title lqd-highlight-classic lqd-highlight-grow-left h1\"  > A FAET<\/h1>\t\t<\/div>\n\n\t\t\t\t<\/div>\n\t\t\t\t<\/div>\n\t\t\t\t<div class=\"elementor-element elementor-element-4ce21fe elementor-widget-divider--view-line elementor-widget elementor-widget-divider\" data-id=\"4ce21fe\" data-element_type=\"widget\" data-widget_type=\"divider.default\">\n\t\t\t\t<div class=\"elementor-widget-container\">\n\t\t\t<style>\/*! elementor - v3.21.0 - 30-04-2024 *\/\n.elementor-widget-divider{--divider-border-style:none;--divider-border-width:1px;--divider-color:#0c0d0e;--divider-icon-size:20px;--divider-element-spacing:10px;--divider-pattern-height:24px;--divider-pattern-size:20px;--divider-pattern-url:none;--divider-pattern-repeat:repeat-x}.elementor-widget-divider .elementor-divider{display:flex}.elementor-widget-divider .elementor-divider__text{font-size:15px;line-height:1;max-width:95%}.elementor-widget-divider .elementor-divider__element{margin:0 var(--divider-element-spacing);flex-shrink:0}.elementor-widget-divider .elementor-icon{font-size:var(--divider-icon-size)}.elementor-widget-divider .elementor-divider-separator{display:flex;margin:0;direction:ltr}.elementor-widget-divider--view-line_icon .elementor-divider-separator,.elementor-widget-divider--view-line_text .elementor-divider-separator{align-items:center}.elementor-widget-divider--view-line_icon .elementor-divider-separator:after,.elementor-widget-divider--view-line_icon .elementor-divider-separator:before,.elementor-widget-divider--view-line_text .elementor-divider-separator:after,.elementor-widget-divider--view-line_text .elementor-divider-separator:before{display:block;content:\"\";border-block-end:0;flex-grow:1;border-block-start:var(--divider-border-width) var(--divider-border-style) var(--divider-color)}.elementor-widget-divider--element-align-left .elementor-divider .elementor-divider-separator>.elementor-divider__svg:first-of-type{flex-grow:0;flex-shrink:100}.elementor-widget-divider--element-align-left .elementor-divider-separator:before{content:none}.elementor-widget-divider--element-align-left .elementor-divider__element{margin-left:0}.elementor-widget-divider--element-align-right .elementor-divider .elementor-divider-separator>.elementor-divider__svg:last-of-type{flex-grow:0;flex-shrink:100}.elementor-widget-divider--element-align-right .elementor-divider-separator:after{content:none}.elementor-widget-divider--element-align-right .elementor-divider__element{margin-right:0}.elementor-widget-divider--element-align-start .elementor-divider .elementor-divider-separator>.elementor-divider__svg:first-of-type{flex-grow:0;flex-shrink:100}.elementor-widget-divider--element-align-start .elementor-divider-separator:before{content:none}.elementor-widget-divider--element-align-start .elementor-divider__element{margin-inline-start:0}.elementor-widget-divider--element-align-end .elementor-divider .elementor-divider-separator>.elementor-divider__svg:last-of-type{flex-grow:0;flex-shrink:100}.elementor-widget-divider--element-align-end .elementor-divider-separator:after{content:none}.elementor-widget-divider--element-align-end .elementor-divider__element{margin-inline-end:0}.elementor-widget-divider:not(.elementor-widget-divider--view-line_text):not(.elementor-widget-divider--view-line_icon) .elementor-divider-separator{border-block-start:var(--divider-border-width) var(--divider-border-style) var(--divider-color)}.elementor-widget-divider--separator-type-pattern{--divider-border-style:none}.elementor-widget-divider--separator-type-pattern.elementor-widget-divider--view-line .elementor-divider-separator,.elementor-widget-divider--separator-type-pattern:not(.elementor-widget-divider--view-line) .elementor-divider-separator:after,.elementor-widget-divider--separator-type-pattern:not(.elementor-widget-divider--view-line) .elementor-divider-separator:before,.elementor-widget-divider--separator-type-pattern:not([class*=elementor-widget-divider--view]) .elementor-divider-separator{width:100%;min-height:var(--divider-pattern-height);-webkit-mask-size:var(--divider-pattern-size) 100%;mask-size:var(--divider-pattern-size) 100%;-webkit-mask-repeat:var(--divider-pattern-repeat);mask-repeat:var(--divider-pattern-repeat);background-color:var(--divider-color);-webkit-mask-image:var(--divider-pattern-url);mask-image:var(--divider-pattern-url)}.elementor-widget-divider--no-spacing{--divider-pattern-size:auto}.elementor-widget-divider--bg-round{--divider-pattern-repeat:round}.rtl .elementor-widget-divider .elementor-divider__text{direction:rtl}.e-con-inner>.elementor-widget-divider,.e-con>.elementor-widget-divider{width:var(--container-widget-width,100%);--flex-grow:var(--container-widget-flex-grow)}<\/style>\t\t<div class=\"elementor-divider\">\n\t\t\t<span class=\"elementor-divider-separator\">\n\t\t\t\t\t\t<\/span>\n\t\t<\/div>\n\t\t\t\t<\/div>\n\t\t\t\t<\/div>\n\t\t\t\t<div class=\"elementor-element elementor-element-c2a7ece elementor-widget elementor-widget-hub_fancy_heading\" data-id=\"c2a7ece\" data-element_type=\"widget\" data-widget_type=\"hub_fancy_heading.default\">\n\t\t\t\t<div class=\"elementor-widget-container\">\n\t\t\t\n\t\t<div id=\"ld-fancy-heading-69f549b8f02f3\" class=\"ld-fancy-heading pos-rel\">\n\t\t\t<h1 class=\"ld-fh-element d-inline-block pos-rel  elementor-heading-title lqd-highlight-classic lqd-highlight-grow-left h1\"  > Mensagem do Presidente<\/h1>\t\t<\/div>\n\n\t\t\t\t<\/div>\n\t\t\t\t<\/div>\n\t\t\t\t\t<\/div>\n\t\t\t\t<\/div>\n\t\t<div class=\"elementor-element elementor-element-3ab7916 e-flex e-con-boxed e-con e-child\" data-id=\"3ab7916\" data-element_type=\"container\">\n\t\t\t\t\t<div class=\"e-con-inner\">\n\t\t\t\t<div class=\"elementor-element elementor-element-7351e11 elementor-widget elementor-widget-hub_fancy_heading\" data-id=\"7351e11\" data-element_type=\"widget\" data-widget_type=\"hub_fancy_heading.default\">\n\t\t\t\t<div class=\"elementor-widget-container\">\n\t\t\t\n\t\t<div id=\"ld-fancy-heading-69f549b8f0b4f\" class=\"ld-fancy-heading pos-rel\">\n\t\t\t<p class=\"ld-fh-element d-inline-block pos-rel  lqd-highlight-classic lqd-highlight-grow-left p\"  > Leia a mensagem do nosso Presidente<\/p>\t\t<\/div>\n\n\t\t\t\t<\/div>\n\t\t\t\t<\/div>\n\t\t\t\t\t<\/div>\n\t\t\t\t<\/div>\n\t\t\t\t<\/div>\n\t\t\t\t\t<\/div>\n\t\t\t\t<\/div>\n\t\t<div class=\"elementor-element elementor-element-7dbabf9 e-flex e-con-boxed e-con e-parent\" data-id=\"7dbabf9\" data-element_type=\"container\">\n\t\t\t\t\t<div class=\"e-con-inner\">\n\t\t<div class=\"elementor-element elementor-element-8bf7b8b e-flex e-con-boxed e-con e-child\" data-id=\"8bf7b8b\" data-element_type=\"container\" data-settings=\"{&quot;background_background&quot;:&quot;classic&quot;}\">\n\t\t\t\t\t<div class=\"e-con-inner\">\n\t\t\t\t<div class=\"elementor-element elementor-element-6795cb1 elementor-widget elementor-widget-text-editor\" data-id=\"6795cb1\" data-element_type=\"widget\" data-widget_type=\"text-editor.default\">\n\t\t\t\t<div class=\"elementor-widget-container\">\n\t\t\t<style>\/*! elementor - v3.21.0 - 30-04-2024 *\/\n.elementor-widget-text-editor.elementor-drop-cap-view-stacked .elementor-drop-cap{background-color:#69727d;color:#fff}.elementor-widget-text-editor.elementor-drop-cap-view-framed .elementor-drop-cap{color:#69727d;border:3px solid;background-color:transparent}.elementor-widget-text-editor:not(.elementor-drop-cap-view-default) .elementor-drop-cap{margin-top:8px}.elementor-widget-text-editor:not(.elementor-drop-cap-view-default) .elementor-drop-cap-letter{width:1em;height:1em}.elementor-widget-text-editor .elementor-drop-cap{float:left;text-align:center;line-height:1;font-size:50px}.elementor-widget-text-editor .elementor-drop-cap-letter{display:inline-block}<\/style>\t\t\t\t<p><span style=\"font-family: 'times new roman', times, serif;\">&#8220;<\/span><\/p>\t\t\t\t\t\t<\/div>\n\t\t\t\t<\/div>\n\t\t<div class=\"elementor-element elementor-element-772d246 e-flex e-con-boxed e-con e-child\" data-id=\"772d246\" data-element_type=\"container\" data-settings=\"{&quot;background_background&quot;:&quot;classic&quot;}\">\n\t\t\t\t\t<div class=\"e-con-inner\">\n\t\t\t\t\t<\/div>\n\t\t\t\t<\/div>\n\t\t<div class=\"elementor-element elementor-element-510ca29 e-con-full e-flex e-con e-child\" data-id=\"510ca29\" data-element_type=\"container\">\n\t\t\t\t<div class=\"elementor-element elementor-element-6c0d262 elementor-widget elementor-widget-image\" data-id=\"6c0d262\" data-element_type=\"widget\" data-widget_type=\"image.default\">\n\t\t\t\t<div class=\"elementor-widget-container\">\n\t\t\t<style>\/*! elementor - v3.21.0 - 30-04-2024 *\/\n.elementor-widget-image{text-align:center}.elementor-widget-image a{display:inline-block}.elementor-widget-image a img[src$=\".svg\"]{width:48px}.elementor-widget-image img{vertical-align:middle;display:inline-block}<\/style>\t\t\t\t\t\t\t\t\t\t<img fetchpriority=\"high\" decoding=\"async\" width=\"526\" height=\"545\" src=\"https:\/\/sistemafaetsenar.org.br\/faet\/wp-content\/uploads\/2024\/02\/Presidente-foto-teste-poster-1.png\" class=\"attachment-large size-large wp-image-1793\" alt=\"\" srcset=\"https:\/\/sistemafaetsenar.org.br\/faet\/wp-content\/uploads\/2024\/02\/Presidente-foto-teste-poster-1.png 526w, https:\/\/sistemafaetsenar.org.br\/faet\/wp-content\/uploads\/2024\/02\/Presidente-foto-teste-poster-1-290x300.png 290w\" sizes=\"(max-width: 526px) 100vw, 526px\" \/>\t\t\t\t\t\t\t\t\t\t\t\t\t<\/div>\n\t\t\t\t<\/div>\n\t\t\t\t<\/div>\n\t\t\t\t<div class=\"elementor-element elementor-element-22426f3 elementor-widget elementor-widget-heading\" data-id=\"22426f3\" data-element_type=\"widget\" data-widget_type=\"heading.default\">\n\t\t\t\t<div class=\"elementor-widget-container\">\n\t\t\t<style>\/*! elementor - v3.21.0 - 30-04-2024 *\/\n.elementor-heading-title{padding:0;margin:0;line-height:1}.elementor-widget-heading .elementor-heading-title[class*=elementor-size-]>a{color:inherit;font-size:inherit;line-height:inherit}.elementor-widget-heading .elementor-heading-title.elementor-size-small{font-size:15px}.elementor-widget-heading .elementor-heading-title.elementor-size-medium{font-size:19px}.elementor-widget-heading .elementor-heading-title.elementor-size-large{font-size:29px}.elementor-widget-heading .elementor-heading-title.elementor-size-xl{font-size:39px}.elementor-widget-heading .elementor-heading-title.elementor-size-xxl{font-size:59px}<\/style><h2 class=\"elementor-heading-title elementor-size-default\">Paulo Carneiro<\/h2>\t\t<\/div>\n\t\t\t\t<\/div>\n\t\t\t\t<div class=\"elementor-element elementor-element-7f97a92 elementor-widget elementor-widget-heading\" data-id=\"7f97a92\" data-element_type=\"widget\" data-widget_type=\"heading.default\">\n\t\t\t\t<div class=\"elementor-widget-container\">\n\t\t\t<h2 class=\"elementor-heading-title elementor-size-default\">Presidente do Sistema FAET\/SENAR<\/h2>\t\t<\/div>\n\t\t\t\t<\/div>\n\t\t\t\t<div class=\"elementor-element elementor-element-6494d9a elementor-widget-divider--view-line elementor-widget elementor-widget-divider\" data-id=\"6494d9a\" data-element_type=\"widget\" data-widget_type=\"divider.default\">\n\t\t\t\t<div class=\"elementor-widget-container\">\n\t\t\t\t\t<div class=\"elementor-divider\">\n\t\t\t<span class=\"elementor-divider-separator\">\n\t\t\t\t\t\t<\/span>\n\t\t<\/div>\n\t\t\t\t<\/div>\n\t\t\t\t<\/div>\n\t\t\t\t<div class=\"elementor-element elementor-element-6ef3cd1 elementor-widget elementor-widget-text-editor\" data-id=\"6ef3cd1\" data-element_type=\"widget\" data-widget_type=\"text-editor.default\">\n\t\t\t\t<div class=\"elementor-widget-container\">\n\t\t\t\t\t\t\tMeus amigos produtores, parceiros e colaboradores,\r\n\u00a0\r\nIniciamos 2026 com a certeza de que o SENAR consolidou-se como o porto seguro do agro em nosso estado. O ano de 2025 foi um marco hist\u00f3rico para nossa entidade. \r\n\r\nDemonstramos que o desenvolvimento do Tocantins passa, obrigatoriamente, pelas m\u00e3os dos nossos pequenos e m\u00e9dios produtores. N\u00e3o apenas estivemos presentes; n\u00f3s levamos transforma\u00e7\u00e3o. Ao longo do \u00faltimo ano, fomos agentes ativos da inova\u00e7\u00e3o, democratizando o acesso ao conhecimento e \u00e0s novas tecnologias.\r\n\r\nOs n\u00fameros confirmam a for\u00e7a desse trabalho: em 2025, superamos a meta de\u00a08 mil produtores assistidos\u00a0com orienta\u00e7\u00e3o t\u00e9cnica e gerencial de excel\u00eancia. \r\n\r\nMais do que isso, nossas capacita\u00e7\u00f5es, cursos, palestras e eventos t\u00e9cnicos, como ocorrem na Agrotins e nas diversas edi\u00e7\u00f5es do AgroForte, durante as exposi\u00e7\u00f5es agropecu\u00e1rias, beneficiaram mais de\u00a025 mil produtores e trabalhadores rurais\u00a0em todo o territ\u00f3rio tocantinense. \u00c9 o SENAR cumprindo sua miss\u00e3o de educar para produzir e prosperar.\r\n\r\nEste avan\u00e7o contou com a atua\u00e7\u00e3o articulada dos sindicatos rurais, que s\u00e3o a base de sustenta\u00e7\u00e3o das a\u00e7\u00f5es do SENAR em todo o estado. Nossos sindicatos cumprem um papel fundamental como elo entre o produtor rural e as pol\u00edticas de Forma\u00e7\u00e3o Profissional Rural (FPR) e Assist\u00eancia T\u00e9cnica e Gerencial (ATeG). \r\n\r\nPor estarem inseridos na realidade local, conhecem de perto as demandas produtivas, sociais e econ\u00f4micas de cada regi\u00e3o, permitindo que as a\u00e7\u00f5es do SENAR sejam direcionadas de forma assertiva, eficiente e alinhada \u00e0s necessidades reais do campo.\r\n\r\nNa Forma\u00e7\u00e3o Profissional Rural, os sindicatos rurais foram decisivos na mobiliza\u00e7\u00e3o dos produtores e trabalhadores, na organiza\u00e7\u00e3o das a\u00e7\u00f5es e na amplia\u00e7\u00e3o do alcance dos cursos, garantindo qualifica\u00e7\u00e3o da m\u00e3o de obra, aumento da produtividade e ado\u00e7\u00e3o de pr\u00e1ticas mais modernas e sustent\u00e1veis. J\u00e1 na Assist\u00eancia T\u00e9cnica e Gerencial, essa parceria fortaleceu o acompanhamento cont\u00ednuo nas propriedades, promovendo melhorias na gest\u00e3o, no controle de custos, na efici\u00eancia produtiva e na rentabilidade das atividades agropecu\u00e1rias.\r\n\r\nNosso compromisso para este novo ano \u00e9 continuar ao seu lado, trabalhando duro para que o campo produza cada vez mais, com custos menores e, acima de tudo, com maior rentabilidade. \r\n\r\nQue 2026 seja um ano de colheitas fartas, fruto da uni\u00e3o entre o suor de quem trabalha e a tecnologia de quem se prepara. Seguimos juntos, pelo fortalecimento do agro e pelo desenvolvimento do Tocantins.\r\n\u00a0\r\n\u00a0\r\nPaulo Carneiro\r\nPresidente\t\t\t\t\t\t<\/div>\n\t\t\t\t<\/div>\n\t\t\t\t\t<\/div>\n\t\t\t\t<\/div>\n\t\t\t\t\t<\/div>\n\t\t\t\t<\/div>\n\t\t\t\t<\/div>\n\t\t","protected":false},"excerpt":{"rendered":"<p>A FAET Mensagem do Presidente Leia a mensagem do nosso Presidente &#8220;<\/p>\n","protected":false},"author":1,"featured_media":0,"parent":0,"menu_order":0,"comment_status":"closed","ping_status":"closed","template":"","meta":{"kia_subtitle":"","footnotes":""},"class_list":["post-702","page","type-page","status-publish","hentry"],"_links":{"self":[{"href":"https:\/\/sistemafaetsenar.org.br\/faet\/wp-json\/wp\/v2\/pages\/702"}],"collection":[{"href":"https:\/\/sistemafaetsenar.org.br\/faet\/wp-json\/wp\/v2\/pages"}],"about":[{"href":"https:\/\/sistemafaetsenar.org.br\/faet\/wp-json\/wp\/v2\/types\/page"}],"author":[{"embeddable":true,"href":"https:\/\/sistemafaetsenar.org.br\/faet\/wp-json\/wp\/v2\/users\/1"}],"replies":[{"embeddable":true,"href":"https:\/\/sistemafaetsenar.org.br\/faet\/wp-json\/wp\/v2\/comments?post=702"}],"version-history":[{"count":0,"href":"https:\/\/sistemafaetsenar.org.br\/faet\/wp-json\/wp\/v2\/pages\/702\/revisions"}],"wp:attachment":[{"href":"https:\/\/sistemafaetsenar.org.br\/faet\/wp-json\/wp\/v2\/media?parent=702"}],"curies":[{"name":"wp","href":"https:\/\/api.w.org\/{rel}","templated":true}]}}