{"id":666,"date":"2023-12-12T19:05:30","date_gmt":"2023-12-12T22:05:30","guid":{"rendered":"https:\/\/sistemafaetsenar.org.br\/faet\/?page_id=666"},"modified":"2023-12-12T19:59:20","modified_gmt":"2023-12-12T22:59:20","slug":"assessoria-sindical","status":"publish","type":"page","link":"https:\/\/sistemafaetsenar.org.br\/faet\/assessoria-sindical\/","title":{"rendered":"Assessoria Sindical"},"content":{"rendered":"\t\t<div data-elementor-type=\"wp-page\" data-elementor-id=\"666\" class=\"elementor elementor-666\" data-elementor-post-type=\"page\">\n\t\t\t\t<div class=\"elementor-element elementor-element-a8001bd e-flex e-con-boxed e-con e-parent\" data-id=\"a8001bd\" data-element_type=\"container\" data-settings=\"{&quot;background_background&quot;:&quot;classic&quot;}\">\n\t\t\t\t\t<div class=\"e-con-inner\">\n\t\t<div class=\"elementor-element elementor-element-595cf00 e-con-full e-flex e-con e-child\" data-id=\"595cf00\" data-element_type=\"container\">\n\t\t<div class=\"elementor-element elementor-element-d313084 e-flex e-con-boxed e-con e-child\" data-id=\"d313084\" data-element_type=\"container\">\n\t\t\t\t\t<div class=\"e-con-inner\">\n\t\t\t\t<div class=\"elementor-element elementor-element-0cd2070 elementor-widget elementor-widget-hub_fancy_heading\" data-id=\"0cd2070\" data-element_type=\"widget\" data-widget_type=\"hub_fancy_heading.default\">\n\t\t\t\t<div class=\"elementor-widget-container\">\n\t\t\t\n\t\t<div id=\"ld-fancy-heading-69f549b8d9501\" class=\"ld-fancy-heading pos-rel\">\n\t\t\t<h1 class=\"ld-fh-element d-inline-block pos-rel  elementor-heading-title lqd-highlight-classic lqd-highlight-grow-left h1\"  > Sindical<\/h1>\t\t<\/div>\n\n\t\t\t\t<\/div>\n\t\t\t\t<\/div>\n\t\t\t\t<div class=\"elementor-element elementor-element-01d8abb elementor-widget-divider--view-line elementor-widget elementor-widget-divider\" data-id=\"01d8abb\" data-element_type=\"widget\" data-widget_type=\"divider.default\">\n\t\t\t\t<div class=\"elementor-widget-container\">\n\t\t\t<style>\/*! elementor - v3.21.0 - 30-04-2024 *\/\n.elementor-widget-divider{--divider-border-style:none;--divider-border-width:1px;--divider-color:#0c0d0e;--divider-icon-size:20px;--divider-element-spacing:10px;--divider-pattern-height:24px;--divider-pattern-size:20px;--divider-pattern-url:none;--divider-pattern-repeat:repeat-x}.elementor-widget-divider .elementor-divider{display:flex}.elementor-widget-divider .elementor-divider__text{font-size:15px;line-height:1;max-width:95%}.elementor-widget-divider .elementor-divider__element{margin:0 var(--divider-element-spacing);flex-shrink:0}.elementor-widget-divider .elementor-icon{font-size:var(--divider-icon-size)}.elementor-widget-divider .elementor-divider-separator{display:flex;margin:0;direction:ltr}.elementor-widget-divider--view-line_icon .elementor-divider-separator,.elementor-widget-divider--view-line_text .elementor-divider-separator{align-items:center}.elementor-widget-divider--view-line_icon .elementor-divider-separator:after,.elementor-widget-divider--view-line_icon .elementor-divider-separator:before,.elementor-widget-divider--view-line_text .elementor-divider-separator:after,.elementor-widget-divider--view-line_text .elementor-divider-separator:before{display:block;content:\"\";border-block-end:0;flex-grow:1;border-block-start:var(--divider-border-width) var(--divider-border-style) var(--divider-color)}.elementor-widget-divider--element-align-left .elementor-divider .elementor-divider-separator>.elementor-divider__svg:first-of-type{flex-grow:0;flex-shrink:100}.elementor-widget-divider--element-align-left .elementor-divider-separator:before{content:none}.elementor-widget-divider--element-align-left .elementor-divider__element{margin-left:0}.elementor-widget-divider--element-align-right .elementor-divider .elementor-divider-separator>.elementor-divider__svg:last-of-type{flex-grow:0;flex-shrink:100}.elementor-widget-divider--element-align-right .elementor-divider-separator:after{content:none}.elementor-widget-divider--element-align-right .elementor-divider__element{margin-right:0}.elementor-widget-divider--element-align-start .elementor-divider .elementor-divider-separator>.elementor-divider__svg:first-of-type{flex-grow:0;flex-shrink:100}.elementor-widget-divider--element-align-start .elementor-divider-separator:before{content:none}.elementor-widget-divider--element-align-start .elementor-divider__element{margin-inline-start:0}.elementor-widget-divider--element-align-end .elementor-divider .elementor-divider-separator>.elementor-divider__svg:last-of-type{flex-grow:0;flex-shrink:100}.elementor-widget-divider--element-align-end .elementor-divider-separator:after{content:none}.elementor-widget-divider--element-align-end .elementor-divider__element{margin-inline-end:0}.elementor-widget-divider:not(.elementor-widget-divider--view-line_text):not(.elementor-widget-divider--view-line_icon) .elementor-divider-separator{border-block-start:var(--divider-border-width) var(--divider-border-style) var(--divider-color)}.elementor-widget-divider--separator-type-pattern{--divider-border-style:none}.elementor-widget-divider--separator-type-pattern.elementor-widget-divider--view-line .elementor-divider-separator,.elementor-widget-divider--separator-type-pattern:not(.elementor-widget-divider--view-line) .elementor-divider-separator:after,.elementor-widget-divider--separator-type-pattern:not(.elementor-widget-divider--view-line) .elementor-divider-separator:before,.elementor-widget-divider--separator-type-pattern:not([class*=elementor-widget-divider--view]) .elementor-divider-separator{width:100%;min-height:var(--divider-pattern-height);-webkit-mask-size:var(--divider-pattern-size) 100%;mask-size:var(--divider-pattern-size) 100%;-webkit-mask-repeat:var(--divider-pattern-repeat);mask-repeat:var(--divider-pattern-repeat);background-color:var(--divider-color);-webkit-mask-image:var(--divider-pattern-url);mask-image:var(--divider-pattern-url)}.elementor-widget-divider--no-spacing{--divider-pattern-size:auto}.elementor-widget-divider--bg-round{--divider-pattern-repeat:round}.rtl .elementor-widget-divider .elementor-divider__text{direction:rtl}.e-con-inner>.elementor-widget-divider,.e-con>.elementor-widget-divider{width:var(--container-widget-width,100%);--flex-grow:var(--container-widget-flex-grow)}<\/style>\t\t<div class=\"elementor-divider\">\n\t\t\t<span class=\"elementor-divider-separator\">\n\t\t\t\t\t\t<\/span>\n\t\t<\/div>\n\t\t\t\t<\/div>\n\t\t\t\t<\/div>\n\t\t\t\t<div class=\"elementor-element elementor-element-8c37830 elementor-widget elementor-widget-hub_fancy_heading\" data-id=\"8c37830\" data-element_type=\"widget\" data-widget_type=\"hub_fancy_heading.default\">\n\t\t\t\t<div class=\"elementor-widget-container\">\n\t\t\t\n\t\t<div id=\"ld-fancy-heading-69f549b8da322\" class=\"ld-fancy-heading pos-rel\">\n\t\t\t<h1 class=\"ld-fh-element d-inline-block pos-rel  elementor-heading-title lqd-highlight-classic lqd-highlight-grow-left h1\"  > Assessoria Sindical<\/h1>\t\t<\/div>\n\n\t\t\t\t<\/div>\n\t\t\t\t<\/div>\n\t\t\t\t\t<\/div>\n\t\t\t\t<\/div>\n\t\t<div class=\"elementor-element elementor-element-c6f2269 e-flex e-con-boxed e-con e-child\" data-id=\"c6f2269\" data-element_type=\"container\">\n\t\t\t\t\t<div class=\"e-con-inner\">\n\t\t\t\t<div class=\"elementor-element elementor-element-42f1141 elementor-widget elementor-widget-hub_fancy_heading\" data-id=\"42f1141\" data-element_type=\"widget\" data-widget_type=\"hub_fancy_heading.default\">\n\t\t\t\t<div class=\"elementor-widget-container\">\n\t\t\t\n\t\t<div id=\"ld-fancy-heading-69f549b8dabaa\" class=\"ld-fancy-heading pos-rel\">\n\t\t\t<p class=\"ld-fh-element d-inline-block pos-rel  lqd-highlight-classic lqd-highlight-grow-left p\"  > Entenda mais sobre as Assessorias Sindicais<\/p>\t\t<\/div>\n\n\t\t\t\t<\/div>\n\t\t\t\t<\/div>\n\t\t\t\t\t<\/div>\n\t\t\t\t<\/div>\n\t\t\t\t<\/div>\n\t\t\t\t\t<\/div>\n\t\t\t\t<\/div>\n\t\t<div class=\"elementor-element elementor-element-7196abe e-flex e-con-boxed e-con e-parent\" data-id=\"7196abe\" data-element_type=\"container\">\n\t\t\t\t\t<div class=\"e-con-inner\">\n\t\t<div class=\"elementor-element elementor-element-ecb869b e-con-full e-flex e-con e-child\" data-id=\"ecb869b\" data-element_type=\"container\">\n\t\t\t\t<div class=\"elementor-element elementor-element-c424ada elementor-view-default elementor-widget elementor-widget-icon\" data-id=\"c424ada\" data-element_type=\"widget\" data-widget_type=\"icon.default\">\n\t\t\t\t<div class=\"elementor-widget-container\">\n\t\t\t\t\t<div class=\"elementor-icon-wrapper\">\n\t\t\t<div class=\"elementor-icon\">\n\t\t\t<svg xmlns=\"http:\/\/www.w3.org\/2000\/svg\" width=\"107\" height=\"107\" viewBox=\"0 0 107 107\"><g transform=\"translate(1.91 1.911)\"><circle cx=\"52\" cy=\"52\" r=\"52\" transform=\"translate(-0.41 -0.411)\" fill=\"none\" stroke=\"#03522d\" stroke-linecap=\"round\" stroke-linejoin=\"round\" stroke-miterlimit=\"10\" stroke-width=\"3\"><\/circle><path d=\"M90.35,30.35C92.772,24,82,22,82,22S83.921,32.772,90.35,30.35Z\" transform=\"translate(-15.197 -5.299)\" fill=\"none\" stroke=\"#03522d\" stroke-linecap=\"round\" stroke-linejoin=\"round\" stroke-miterlimit=\"10\" stroke-width=\"3\"><\/path><path d=\"M101.357,39.574c6.263-2.756,0-11.774,0-11.774S95.178,36.818,101.357,39.574Z\" transform=\"translate(-17.938 -6.256)\" fill=\"none\" stroke=\"#03522d\" stroke-linecap=\"round\" stroke-linejoin=\"round\" stroke-miterlimit=\"10\" stroke-width=\"3\"><\/path><path d=\"M107.34,54.455c6.847-.167,4.593-10.855,4.593-10.855S102.663,49.445,107.34,54.455Z\" transform=\"translate(-19.16 -8.863)\" fill=\"none\" stroke=\"#03522d\" stroke-linecap=\"round\" stroke-linejoin=\"round\" stroke-miterlimit=\"10\" stroke-width=\"3\"><\/path><path d=\"M107.387,68.961c5.678,3.758,9.937-6.263,9.937-6.263S106.385,62.2,107.387,68.961Z\" transform=\"translate(-19.375 -12.012)\" fill=\"none\" stroke=\"#03522d\" stroke-linecap=\"round\" stroke-linejoin=\"round\" stroke-miterlimit=\"10\" stroke-width=\"3\"><\/path><path d=\"M102.7,82.322c4.175,5.344,11.44-2.839,11.44-2.839S103.953,75.642,102.7,82.322Z\" transform=\"translate(-18.612 -14.601)\" fill=\"none\" stroke=\"#03522d\" stroke-linecap=\"round\" stroke-linejoin=\"round\" stroke-miterlimit=\"10\" stroke-width=\"3\"><\/path><path d=\"M93.6,94.441c2.839,6.179,11.774-.167,11.774-.167S96.272,88.179,93.6,94.441Z\" transform=\"translate(-17.111 -16.783)\" fill=\"none\" stroke=\"#03522d\" stroke-linecap=\"round\" stroke-linejoin=\"round\" stroke-miterlimit=\"10\" stroke-width=\"3\"><\/path><path d=\"M35.93,30.35C33.508,24,44.28,22,44.28,22S42.36,32.772,35.93,30.35Z\" transform=\"translate(-7.539 -5.299)\" fill=\"none\" stroke=\"#03522d\" stroke-linecap=\"round\" stroke-linejoin=\"round\" stroke-miterlimit=\"10\" stroke-width=\"3\"><\/path><path d=\"M25.55,39.574c-6.263-2.756,0-11.774,0-11.774S31.729,36.818,25.55,39.574Z\" transform=\"translate(-5.426 -6.256)\" fill=\"none\" stroke=\"#03522d\" stroke-linecap=\"round\" stroke-linejoin=\"round\" stroke-miterlimit=\"10\" stroke-width=\"3\"><\/path><path d=\"M19.422,54.455C12.575,54.288,14.83,43.6,14.83,43.6S24.1,49.445,19.422,54.455Z\" transform=\"translate(-4.058 -8.863)\" fill=\"none\" stroke=\"#03522d\" stroke-linecap=\"round\" stroke-linejoin=\"round\" stroke-miterlimit=\"10\" stroke-width=\"3\"><\/path><path d=\"M18.637,68.961C12.959,72.719,8.7,62.7,8.7,62.7S19.639,62.2,18.637,68.961Z\" transform=\"translate(-3.105 -12.012)\" fill=\"none\" stroke=\"#03522d\" stroke-linecap=\"round\" stroke-linejoin=\"round\" stroke-miterlimit=\"10\" stroke-width=\"3\"><\/path><path d=\"M23.04,82.322c-4.175,5.344-11.44-2.839-11.44-2.839S21.787,75.642,23.04,82.322Z\" transform=\"translate(-3.584 -14.601)\" fill=\"none\" stroke=\"#03522d\" stroke-linecap=\"round\" stroke-linejoin=\"round\" stroke-miterlimit=\"10\" stroke-width=\"3\"><\/path><path d=\"M32.074,94.441c-2.839,6.179-11.774-.167-11.774-.167S29.4,88.179,32.074,94.441Z\" transform=\"translate(-5.019 -16.783)\" fill=\"none\" stroke=\"#03522d\" stroke-linecap=\"round\" stroke-linejoin=\"round\" stroke-miterlimit=\"10\" stroke-width=\"3\"><\/path><path d=\"M86.391,32A35.223,35.223,0,0,1,98.833,58.972,33.442,33.442,0,0,1,74.7,91.287c-5.845,1.67-14.2,3.34-16.7,10.02\" transform=\"translate(-11.238 -6.949)\" fill=\"none\" stroke=\"#03522d\" stroke-linecap=\"round\" stroke-linejoin=\"round\" stroke-miterlimit=\"10\" stroke-width=\"3\"><\/path><path d=\"M33.542,32A35.223,35.223,0,0,0,21.1,58.972,33.442,33.442,0,0,0,45.232,91.287c5.845,1.67,14.2,3.34,16.7,10.02\" transform=\"translate(-5.151 -6.949)\" fill=\"none\" stroke=\"#03522d\" stroke-linecap=\"round\" stroke-linejoin=\"round\" stroke-miterlimit=\"10\" stroke-width=\"3\"><\/path><g transform=\"translate(41.254 23.548)\"><g transform=\"translate(0 0)\"><path d=\"M58.583,51.117a6.75,6.75,0,0,1-.084-1.336c0-3.925,2-7.181,4.593-7.181,2.505,0,4.593,3.173,4.593,7.181a7.184,7.184,0,0,1-.083,1.336\" transform=\"translate(-52.575 -32.246)\" fill=\"none\" stroke=\"#03522d\" stroke-linecap=\"round\" stroke-linejoin=\"round\" stroke-miterlimit=\"10\" stroke-width=\"3\"><\/path><path d=\"M71.375,60.336c1.754-3.34,1.5-6.847-.585-8.016-2.171-1.253-5.595.5-7.515,3.925a10.083,10.083,0,0,0-1.253,3.424,9.492,9.492,0,0,0-1.253-3.424c-2-3.424-5.344-5.177-7.515-3.925-2.088,1.169-2.338,4.76-.585,8.016\" transform=\"translate(-51.421 -33.782)\" fill=\"none\" stroke=\"#03522d\" stroke-linecap=\"round\" stroke-linejoin=\"round\" stroke-miterlimit=\"10\" stroke-width=\"3\"><\/path><path d=\"M71.275,69.82c1.754-3.34,1.5-6.931-.585-8.1-2.171-1.253-5.595.5-7.515,3.925a10.083,10.083,0,0,0-1.253,3.424,10.083,10.083,0,0,0-1.253-3.424c-2-3.424-5.344-5.177-7.515-3.925-2.088,1.253-2.338,4.76-.585,8.1\" transform=\"translate(-51.405 -35.333)\" fill=\"none\" stroke=\"#03522d\" stroke-linecap=\"round\" stroke-linejoin=\"round\" stroke-miterlimit=\"10\" stroke-width=\"3\"><\/path><path d=\"M70.692,71.02c-2.171-1.253-5.595.5-7.515,3.925a10.084,10.084,0,0,0-1.253,3.424,9.492,9.492,0,0,0-1.253-3.424c-2-3.424-5.344-5.177-7.515-3.925s-2.338,5.094-.334,8.517,5.344,5.177,7.515,3.925a3.874,3.874,0,0,0,1.67-2.505,3.6,3.6,0,0,0,1.67,2.505c2.171,1.253,5.595-.5,7.515-3.925S72.947,72.273,70.692,71.02Z\" transform=\"translate(-51.407 -36.867)\" fill=\"none\" stroke=\"#03522d\" stroke-linecap=\"round\" stroke-linejoin=\"round\" stroke-miterlimit=\"10\" stroke-width=\"3\"><\/path><line y2=\"29.477\" transform=\"translate(10.518 25.385)\" fill=\"none\" stroke=\"#03522d\" stroke-linecap=\"round\" stroke-linejoin=\"round\" stroke-miterlimit=\"10\" stroke-width=\"3\"><\/line><line y2=\"10.271\" transform=\"translate(10.518)\" fill=\"none\" stroke=\"#03522d\" stroke-linecap=\"round\" stroke-linejoin=\"round\" stroke-miterlimit=\"10\" stroke-width=\"3\"><\/line><line y2=\"11\" transform=\"translate(1.335 7.041)\" fill=\"none\" stroke=\"#03522d\" stroke-linecap=\"round\" stroke-linejoin=\"round\" stroke-miterlimit=\"10\" stroke-width=\"3\"><\/line><line y2=\"11\" transform=\"translate(19.335 7.041)\" fill=\"none\" stroke=\"#03522d\" stroke-linecap=\"round\" stroke-linejoin=\"round\" stroke-miterlimit=\"10\" stroke-width=\"3\"><\/line><\/g><\/g><\/g><\/svg>\t\t\t<\/div>\n\t\t<\/div>\n\t\t\t\t<\/div>\n\t\t\t\t<\/div>\n\t\t\t\t<div class=\"elementor-element elementor-element-f878b5a elementor-widget elementor-widget-hub_fancy_heading\" data-id=\"f878b5a\" data-element_type=\"widget\" data-widget_type=\"hub_fancy_heading.default\">\n\t\t\t\t<div class=\"elementor-widget-container\">\n\t\t\t\n\t\t<div id=\"ld-fancy-heading-69f549b8dc2db\" class=\"ld-fancy-heading pos-rel\">\n\t\t\t<h2 class=\"ld-fh-element d-inline-block pos-rel  elementor-heading-title lqd-highlight-classic lqd-highlight-grow-left h2\"  > A organiza\u00e7\u00e3o sindical no Brasil se d\u00e1 por categorias, conforme estabelece a Consolida\u00e7\u00e3o das Leis do Trabalho - CLT.<\/h2>\t\t<\/div>\n\n\t\t\t\t<\/div>\n\t\t\t\t<\/div>\n\t\t\t\t<\/div>\n\t\t<div class=\"elementor-element elementor-element-2eb96b6 e-con-full e-flex e-con e-child\" data-id=\"2eb96b6\" data-element_type=\"container\">\n\t\t\t\t<div class=\"elementor-element elementor-element-303382c elementor-blockquote--skin-quotation elementor-blockquote--align-left elementor-blockquote--button-color-official elementor-widget elementor-widget-blockquote\" data-id=\"303382c\" data-element_type=\"widget\" data-widget_type=\"blockquote.default\">\n\t\t\t\t<div class=\"elementor-widget-container\">\n\t\t\t<style>\/*! elementor-pro - v3.19.0 - 07-02-2024 *\/\n@charset \"UTF-8\";.entry-content blockquote.elementor-blockquote:not(.alignright):not(.alignleft),.entry-summary blockquote.elementor-blockquote{margin-right:0;margin-left:0}.elementor-widget-blockquote blockquote{margin:0;padding:0;outline:0;font-size:100%;vertical-align:baseline;background:transparent;quotes:none;border:0;font-style:normal;color:#3f444b}.elementor-widget-blockquote blockquote .e-q-footer:after,.elementor-widget-blockquote blockquote .e-q-footer:before,.elementor-widget-blockquote blockquote:after,.elementor-widget-blockquote blockquote:before,.elementor-widget-blockquote blockquote cite:after,.elementor-widget-blockquote blockquote cite:before{content:none}.elementor-blockquote{transition:.3s}.elementor-blockquote__author,.elementor-blockquote__content{margin-bottom:0;font-style:normal}.elementor-blockquote__author{font-weight:700}.elementor-blockquote .e-q-footer{margin-top:12px;display:flex;justify-content:space-between}.elementor-blockquote__tweet-button{display:flex;transition:.3s;color:#1da1f2;align-self:flex-end;line-height:1;position:relative;width:-moz-max-content;width:max-content}.elementor-blockquote__tweet-button:hover{color:#0967a0}.elementor-blockquote__tweet-button span{font-weight:600}.elementor-blockquote__tweet-button i,.elementor-blockquote__tweet-button span{vertical-align:middle}.elementor-blockquote__tweet-button i+span,.elementor-blockquote__tweet-button svg+span{margin-left:.5em}.elementor-blockquote__tweet-button svg{fill:#1da1f2;height:1em;width:1em}.elementor-blockquote__tweet-label{white-space:pre-wrap}.elementor-blockquote--button-skin-bubble .elementor-blockquote__tweet-button,.elementor-blockquote--button-skin-classic .elementor-blockquote__tweet-button{padding:.7em 1.2em;border-radius:100em;background-color:#1da1f2;color:#fff;font-size:15px}.elementor-blockquote--button-skin-bubble .elementor-blockquote__tweet-button:hover,.elementor-blockquote--button-skin-classic .elementor-blockquote__tweet-button:hover{background-color:#0967a0;color:#fff}.elementor-blockquote--button-skin-bubble .elementor-blockquote__tweet-button:hover:before,.elementor-blockquote--button-skin-classic .elementor-blockquote__tweet-button:hover:before{border-right-color:#0967a0}.elementor-blockquote--button-skin-bubble .elementor-blockquote__tweet-button svg,.elementor-blockquote--button-skin-classic .elementor-blockquote__tweet-button svg{fill:#fff;height:1em;width:1em}.elementor-blockquote--button-skin-bubble.elementor-blockquote--button-view-icon .elementor-blockquote__tweet-button,.elementor-blockquote--button-skin-classic.elementor-blockquote--button-view-icon .elementor-blockquote__tweet-button{padding:0;width:2em;height:2em}.elementor-blockquote--button-skin-bubble.elementor-blockquote--button-view-icon .elementor-blockquote__tweet-button i,.elementor-blockquote--button-skin-classic.elementor-blockquote--button-view-icon .elementor-blockquote__tweet-button i{position:absolute;left:50%;top:50%;transform:translate(-50%,-50%)}.elementor-blockquote--button-skin-bubble .elementor-blockquote__tweet-button:before{content:\"\";border:.5em solid transparent;border-right-color:#1da1f2;position:absolute;left:-.8em;top:50%;transform:translateY(-50%) scaleY(.65);transition:.3s}.elementor-blockquote--button-skin-bubble.elementor-blockquote--align-left .elementor-blockquote__tweet-button:before{right:auto;left:-.8em;border-right-color:#1da1f2;border-left-color:transparent}.elementor-blockquote--button-skin-bubble.elementor-blockquote--align-left .elementor-blockquote__tweet-button:hover:before{border-right-color:#0967a0}.elementor-blockquote--button-skin-bubble.elementor-blockquote--align-right .elementor-blockquote__tweet-button:before{left:auto;right:-.8em;border-right-color:transparent;border-left-color:#1da1f2}.elementor-blockquote--button-skin-bubble.elementor-blockquote--align-right .elementor-blockquote__tweet-button:hover:before{border-left-color:#0967a0}.elementor-blockquote--skin-boxed .elementor-blockquote{background-color:#f9fafa;padding:30px}.elementor-blockquote--skin-border .elementor-blockquote{border-color:#f9fafa;border-left:7px #f9fafa;border-style:solid;padding-left:20px}.elementor-blockquote--skin-quotation .elementor-blockquote:before{content:\"\u201c\";font-size:100px;color:#f9fafa;font-family:Times New Roman,Times,serif;font-weight:900;line-height:1;display:block;height:.6em}.elementor-blockquote--skin-quotation .elementor-blockquote__content{margin-top:15px}.elementor-blockquote--align-left .elementor-blockquote__content{text-align:left}.elementor-blockquote--align-left .elementor-blockquote .e-q-footer{flex-direction:row}.elementor-blockquote--align-right .elementor-blockquote__content{text-align:right}.elementor-blockquote--align-right .elementor-blockquote .e-q-footer{flex-direction:row-reverse}.elementor-blockquote--align-center .elementor-blockquote{text-align:center}.elementor-blockquote--align-center .elementor-blockquote .e-q-footer,.elementor-blockquote--align-center .elementor-blockquote__author{display:block}.elementor-blockquote--align-center .elementor-blockquote__tweet-button{margin-right:auto;margin-left:auto}<\/style>\t\t<blockquote class=\"elementor-blockquote\">\n\t\t\t<p class=\"elementor-blockquote__content\">\n\t\t\t\t\"\u00c9 l\u00edcita a associa\u00e7\u00e3o para fins de estudo, defesa e coordena\u00e7\u00e3o dos seus interesses econ\u00f4micos ou profissionais de todos os que, como empregadores, empregados, agentes ou trabalhadores aut\u00f4nomos, ou profissionais liberais, exer\u00e7am, respectivamente, a mesma atividade e profiss\u00e3o ou atividades ou profiss\u00f5es similares ou conexas.\"\t\t\t<\/p>\n\t\t\t\t\t\t\t<div class=\"e-q-footer\">\n\t\t\t\t\t\t\t\t\t\t\t<cite class=\"elementor-blockquote__author\"> art. 511 da CLT<\/cite>\n\t\t\t\t\t\t\t\t\t\t\t\t\t\t<\/div>\n\t\t\t\t\t<\/blockquote>\n\t\t\t\t<\/div>\n\t\t\t\t<\/div>\n\t\t\t\t<\/div>\n\t\t\t\t\t<\/div>\n\t\t\t\t<\/div>\n\t\t<div class=\"elementor-element elementor-element-70eb320 e-flex e-con-boxed e-con e-parent\" data-id=\"70eb320\" data-element_type=\"container\">\n\t\t\t\t\t<div class=\"e-con-inner\">\n\t\t<div class=\"elementor-element elementor-element-8e2425f e-flex e-con-boxed e-con e-child\" data-id=\"8e2425f\" data-element_type=\"container\" data-settings=\"{&quot;background_background&quot;:&quot;classic&quot;}\">\n\t\t\t\t\t<div class=\"e-con-inner\">\n\t\t\t\t\t<\/div>\n\t\t\t\t<\/div>\n\t\t\t\t\t<\/div>\n\t\t\t\t<\/div>\n\t\t<div class=\"elementor-element elementor-element-532af3a e-flex e-con-boxed e-con e-parent\" data-id=\"532af3a\" data-element_type=\"container\">\n\t\t\t\t\t<div class=\"e-con-inner\">\n\t\t\t\t<div class=\"elementor-element elementor-element-ddc4a07 elementor-widget elementor-widget-text-editor\" data-id=\"ddc4a07\" data-element_type=\"widget\" data-widget_type=\"text-editor.default\">\n\t\t\t\t<div class=\"elementor-widget-container\">\n\t\t\t<style>\/*! elementor - v3.21.0 - 30-04-2024 *\/\n.elementor-widget-text-editor.elementor-drop-cap-view-stacked .elementor-drop-cap{background-color:#69727d;color:#fff}.elementor-widget-text-editor.elementor-drop-cap-view-framed .elementor-drop-cap{color:#69727d;border:3px solid;background-color:transparent}.elementor-widget-text-editor:not(.elementor-drop-cap-view-default) .elementor-drop-cap{margin-top:8px}.elementor-widget-text-editor:not(.elementor-drop-cap-view-default) .elementor-drop-cap-letter{width:1em;height:1em}.elementor-widget-text-editor .elementor-drop-cap{float:left;text-align:center;line-height:1;font-size:50px}.elementor-widget-text-editor .elementor-drop-cap-letter{display:inline-block}<\/style>\t\t\t\t<p>A CLT enuncia o conceito de categorias a partir da &#8220;solidariedade de interesses econ\u00f4micos dos que empreendem atividades id\u00eanticas, similares ou conexas, constitui o v\u00ednculo social b\u00e1sico que se denomina categoria econ\u00f4mica&#8221; (CLT, art. 511, \u00a7 1\u00ba.).<br \/><br \/>A organiza\u00e7\u00e3o sindical rural patronal se divide da seguinte forma: Sindicatos rurais de n\u00edvel Municipal ou intermunicipal, os sindicatos filiam os empregadores rurais de sua base territorial, e s\u00e3o classificados com Entidade Sindical de 1\u00ba grau.<br \/><br \/>Nivel estadual onde os empregadores rurais s\u00e3o representados pelas Federa\u00e7\u00f5es de Agricultura, entidades de grau superior nos estados, que congregam todos os Sindicatos Rurais, e por fim a n\u00edvel nacional os empregadores rurais de todo o pa\u00eds, s\u00e3o representados pela Confedera\u00e7\u00e3o Nacional da Agricultura e Pecu\u00e1ria do Brasil \u2013 CNA, entidade de grau superior que congrega todas as Federa\u00e7\u00f5es Estaduais Rurais existentes no Pa\u00eds.<\/p>\t\t\t\t\t\t<\/div>\n\t\t\t\t<\/div>\n\t\t\t\t\t<\/div>\n\t\t\t\t<\/div>\n\t\t\t\t<\/div>\n\t\t","protected":false},"excerpt":{"rendered":"<p>Sindical Assessoria Sindical Entenda mais sobre as Assessorias Sindicais A organiza\u00e7\u00e3o sindical no Brasil se d\u00e1 por categorias, conforme estabelece a Consolida\u00e7\u00e3o das Leis do Trabalho &#8211; CLT. &#8220;\u00c9 l\u00edcita a associa\u00e7\u00e3o para fins de estudo, defesa e coordena\u00e7\u00e3o dos seus interesses econ\u00f4micos ou profissionais de todos os que, como empregadores, empregados, agentes ou trabalhadores [&hellip;]<\/p>\n","protected":false},"author":1,"featured_media":0,"parent":0,"menu_order":0,"comment_status":"closed","ping_status":"closed","template":"","meta":{"kia_subtitle":"","footnotes":""},"class_list":["post-666","page","type-page","status-publish","hentry"],"_links":{"self":[{"href":"https:\/\/sistemafaetsenar.org.br\/faet\/wp-json\/wp\/v2\/pages\/666"}],"collection":[{"href":"https:\/\/sistemafaetsenar.org.br\/faet\/wp-json\/wp\/v2\/pages"}],"about":[{"href":"https:\/\/sistemafaetsenar.org.br\/faet\/wp-json\/wp\/v2\/types\/page"}],"author":[{"embeddable":true,"href":"https:\/\/sistemafaetsenar.org.br\/faet\/wp-json\/wp\/v2\/users\/1"}],"replies":[{"embeddable":true,"href":"https:\/\/sistemafaetsenar.org.br\/faet\/wp-json\/wp\/v2\/comments?post=666"}],"version-history":[{"count":0,"href":"https:\/\/sistemafaetsenar.org.br\/faet\/wp-json\/wp\/v2\/pages\/666\/revisions"}],"wp:attachment":[{"href":"https:\/\/sistemafaetsenar.org.br\/faet\/wp-json\/wp\/v2\/media?parent=666"}],"curies":[{"name":"wp","href":"https:\/\/api.w.org\/{rel}","templated":true}]}}